{"id":13,"date":"2020-07-07T11:21:06","date_gmt":"2020-07-07T11:21:06","guid":{"rendered":"http:\/\/impacta-brazil.com.br\/?page_id=13"},"modified":"2022-05-16T08:55:30","modified_gmt":"2022-05-16T11:55:30","slug":"home","status":"publish","type":"page","link":"https:\/\/impacta-brazil.com.br\/","title":{"rendered":"Home"},"content":{"rendered":"\t\t<div data-elementor-type=\"wp-page\" data-elementor-id=\"13\" class=\"elementor elementor-13\" data-elementor-post-type=\"page\">\n\t\t\t\t\t\t<section class=\"elementor-section elementor-top-section elementor-element elementor-element-3daa7336 elementor-section-height-min-height elementor-section-boxed elementor-section-height-default elementor-section-items-middle\" data-id=\"3daa7336\" data-element_type=\"section\" data-e-type=\"section\" data-settings=\"{&quot;background_background&quot;:&quot;slideshow&quot;,&quot;background_slideshow_gallery&quot;:[{&quot;id&quot;:1526,&quot;url&quot;:&quot;https:\\\/\\\/impacta-brazil.com.br\\\/wp-content\\\/uploads\\\/2020\\\/09\\\/IMG_0276-scaled.jpg&quot;},{&quot;id&quot;:1905,&quot;url&quot;:&quot;https:\\\/\\\/impacta-brazil.com.br\\\/wp-content\\\/uploads\\\/2020\\\/10\\\/CatalogoIMpacta-010.jpg&quot;},{&quot;id&quot;:1527,&quot;url&quot;:&quot;https:\\\/\\\/impacta-brazil.com.br\\\/wp-content\\\/uploads\\\/2020\\\/09\\\/IMG_0277-scaled.jpg&quot;},{&quot;id&quot;:1524,&quot;url&quot;:&quot;https:\\\/\\\/impacta-brazil.com.br\\\/wp-content\\\/uploads\\\/2020\\\/09\\\/DJI_0046-scaled.jpg&quot;},{&quot;id&quot;:1908,&quot;url&quot;:&quot;https:\\\/\\\/impacta-brazil.com.br\\\/wp-content\\\/uploads\\\/2020\\\/10\\\/CatalogoIMpacta-001.jpg&quot;},{&quot;id&quot;:1325,&quot;url&quot;:&quot;https:\\\/\\\/impacta-brazil.com.br\\\/wp-content\\\/uploads\\\/2020\\\/07\\\/panoramica_impacta-Grande.jpg&quot;},{&quot;id&quot;:1906,&quot;url&quot;:&quot;https:\\\/\\\/impacta-brazil.com.br\\\/wp-content\\\/uploads\\\/2020\\\/10\\\/CatalogoIMpacta-011.jpg&quot;},{&quot;id&quot;:1523,&quot;url&quot;:&quot;https:\\\/\\\/impacta-brazil.com.br\\\/wp-content\\\/uploads\\\/2020\\\/09\\\/DJI_0040-scaled.jpg&quot;},{&quot;id&quot;:1907,&quot;url&quot;:&quot;https:\\\/\\\/impacta-brazil.com.br\\\/wp-content\\\/uploads\\\/2020\\\/10\\\/CatalogoIMpacta-013-Grande-1.jpg&quot;}],&quot;background_slideshow_ken_burns&quot;:&quot;yes&quot;,&quot;background_slideshow_ken_burns_zoom_direction&quot;:&quot;out&quot;,&quot;background_slideshow_loop&quot;:&quot;yes&quot;,&quot;background_slideshow_slide_duration&quot;:5000,&quot;background_slideshow_slide_transition&quot;:&quot;fade&quot;,&quot;background_slideshow_transition_duration&quot;:500}\">\n\t\t\t\t\t\t\t<div class=\"elementor-background-overlay\"><\/div>\n\t\t\t\t\t\t\t<div class=\"elementor-container elementor-column-gap-default\">\n\t\t\t\t\t<div class=\"elementor-column elementor-col-50 elementor-top-column elementor-element elementor-element-51d2a0b9\" data-id=\"51d2a0b9\" data-element_type=\"column\" data-e-type=\"column\">\n\t\t\t<div class=\"elementor-widget-wrap elementor-element-populated\">\n\t\t\t\t\t\t<div class=\"elementor-element elementor-element-b2332f3 elementor-widget elementor-widget-heading\" data-id=\"b2332f3\" data-element_type=\"widget\" data-e-type=\"widget\" data-widget_type=\"heading.default\">\n\t\t\t\t<div class=\"elementor-widget-container\">\n\t\t\t\t\t<span class=\"elementor-heading-title elementor-size-medium\">Impacta, fabricante de embalagens para empresas farmac\u00eauticas, cosm\u00e9ticas e aliment\u00edcias.<\/span>\t\t\t\t<\/div>\n\t\t\t\t<\/div>\n\t\t\t\t<div class=\"elementor-element elementor-element-1c8f88a5 elementor-mobile-align-center elementor-align-center elementor-widget elementor-widget-button\" data-id=\"1c8f88a5\" data-element_type=\"widget\" data-e-type=\"widget\" data-widget_type=\"button.default\">\n\t\t\t\t<div class=\"elementor-widget-container\">\n\t\t\t\t\t\t\t\t\t<div class=\"elementor-button-wrapper\">\n\t\t\t\t\t<a class=\"elementor-button elementor-button-link elementor-size-lg\" href=\"https:\/\/impacta-brazil.com.br\/index.php\/nossa-historia\/\">\n\t\t\t\t\t\t<span class=\"elementor-button-content-wrapper\">\n\t\t\t\t\t\t\t\t\t<span class=\"elementor-button-text\">Nossa Hist\u00f3ria<\/span>\n\t\t\t\t\t<\/span>\n\t\t\t\t\t<\/a>\n\t\t\t\t<\/div>\n\t\t\t\t\t\t\t\t<\/div>\n\t\t\t\t<\/div>\n\t\t\t\t\t<\/div>\n\t\t<\/div>\n\t\t\t\t<div class=\"elementor-column elementor-col-50 elementor-top-column elementor-element elementor-element-30e225be\" data-id=\"30e225be\" data-element_type=\"column\" data-e-type=\"column\">\n\t\t\t<div class=\"elementor-widget-wrap\">\n\t\t\t\t\t\t\t<\/div>\n\t\t<\/div>\n\t\t\t\t\t<\/div>\n\t\t<\/section>\n\t\t\t\t<\/div>\n\t\t","protected":false},"excerpt":{"rendered":"<p>Impacta, fabricante de embalagens para empresas farmac\u00eauticas, cosm\u00e9ticas e aliment\u00edcias. Nossa Hist\u00f3ria<\/p>\n","protected":false},"author":1,"featured_media":0,"parent":0,"menu_order":0,"comment_status":"closed","ping_status":"closed","template":"elementor_header_footer","meta":{"footnotes":""},"class_list":["post-13","page","type-page","status-publish","hentry"],"_links":{"self":[{"href":"https:\/\/impacta-brazil.com.br\/index.php\/wp-json\/wp\/v2\/pages\/13","targetHints":{"allow":["GET"]}}],"collection":[{"href":"https:\/\/impacta-brazil.com.br\/index.php\/wp-json\/wp\/v2\/pages"}],"about":[{"href":"https:\/\/impacta-brazil.com.br\/index.php\/wp-json\/wp\/v2\/types\/page"}],"author":[{"embeddable":true,"href":"https:\/\/impacta-brazil.com.br\/index.php\/wp-json\/wp\/v2\/users\/1"}],"replies":[{"embeddable":true,"href":"https:\/\/impacta-brazil.com.br\/index.php\/wp-json\/wp\/v2\/comments?post=13"}],"version-history":[{"count":3,"href":"https:\/\/impacta-brazil.com.br\/index.php\/wp-json\/wp\/v2\/pages\/13\/revisions"}],"predecessor-version":[{"id":2076,"href":"https:\/\/impacta-brazil.com.br\/index.php\/wp-json\/wp\/v2\/pages\/13\/revisions\/2076"}],"wp:attachment":[{"href":"https:\/\/impacta-brazil.com.br\/index.php\/wp-json\/wp\/v2\/media?parent=13"}],"curies":[{"name":"wp","href":"https:\/\/api.w.org\/{rel}","templated":true}]}}