{"id":1393,"date":"2020-07-28T16:02:28","date_gmt":"2020-07-28T19:02:28","guid":{"rendered":"http:\/\/impacta-brazil.com.br\/?page_id=1393"},"modified":"2025-05-06T11:50:48","modified_gmt":"2025-05-06T14:50:48","slug":"politicas","status":"publish","type":"page","link":"https:\/\/impacta-brazil.com.br\/index.php\/politicas\/","title":{"rendered":"Pol\u00edticas"},"content":{"rendered":"\t\t<div data-elementor-type=\"wp-page\" data-elementor-id=\"1393\" class=\"elementor elementor-1393\" data-elementor-post-type=\"page\">\n\t\t\t\t\t\t<section class=\"elementor-section elementor-top-section elementor-element elementor-element-80bcbcc elementor-section-boxed elementor-section-height-default elementor-section-height-default\" data-id=\"80bcbcc\" data-element_type=\"section\" data-e-type=\"section\" data-settings=\"{&quot;background_background&quot;:&quot;classic&quot;}\">\n\t\t\t\t\t\t\t<div class=\"elementor-background-overlay\"><\/div>\n\t\t\t\t\t\t\t<div class=\"elementor-container elementor-column-gap-default\">\n\t\t\t\t\t<div class=\"elementor-column elementor-col-100 elementor-top-column elementor-element elementor-element-3e843b8\" data-id=\"3e843b8\" data-element_type=\"column\" data-e-type=\"column\">\n\t\t\t<div class=\"elementor-widget-wrap elementor-element-populated\">\n\t\t\t\t\t\t<div class=\"elementor-element elementor-element-d4d79ad elementor-widget elementor-widget-heading\" data-id=\"d4d79ad\" data-element_type=\"widget\" data-e-type=\"widget\" data-widget_type=\"heading.default\">\n\t\t\t\t<div class=\"elementor-widget-container\">\n\t\t\t\t\t<h1 class=\"elementor-heading-title elementor-size-large\">Gest\u00e3o da Qualidade<\/h1>\t\t\t\t<\/div>\n\t\t\t\t<\/div>\n\t\t\t\t\t<\/div>\n\t\t<\/div>\n\t\t\t\t\t<\/div>\n\t\t<\/section>\n\t\t\t\t<section class=\"elementor-section elementor-top-section elementor-element elementor-element-8a9c35c elementor-section-boxed elementor-section-height-default elementor-section-height-default\" data-id=\"8a9c35c\" data-element_type=\"section\" data-e-type=\"section\">\n\t\t\t\t\t\t<div class=\"elementor-container elementor-column-gap-default\">\n\t\t\t\t\t<div class=\"elementor-column elementor-col-100 elementor-top-column elementor-element elementor-element-ab47282\" data-id=\"ab47282\" data-element_type=\"column\" data-e-type=\"column\">\n\t\t\t<div class=\"elementor-widget-wrap elementor-element-populated\">\n\t\t\t\t\t\t<div class=\"elementor-element elementor-element-b3c1c5d elementor-widget elementor-widget-text-editor\" data-id=\"b3c1c5d\" data-element_type=\"widget\" data-e-type=\"widget\" data-widget_type=\"text-editor.default\">\n\t\t\t\t<div class=\"elementor-widget-container\">\n\t\t\t\t\t\t\t\t\t<p>A preocupa\u00e7\u00e3o com a satisfa\u00e7\u00e3o dos nossos clientes e a rela\u00e7\u00e3o com aspectos ambientais e sociais fizeram com que a Impacta&nbsp; implantasse um Sistema de Gest\u00e3o formal que atendesse todas essas necessidades.<\/p>\n<p>O Sistema \u00e9 composto por: Pol\u00edtica do Sistema Integrado de Gest\u00e3o, Manual de Sa\u00fade, Seguran\u00e7a e Meio Ambiente, Manual do C\u00f3digo de Conduta e Manual de Boas Pr\u00e1ticas de Fabrica\u00e7\u00e3o.<\/p>\n<p>Completo e estruturado, o Sistema de Gest\u00e3o visa produzir resultados pr\u00e1ticos e imediatos e tem todos os requisitos para garantir o sucesso da empresa na preserva\u00e7\u00e3o do meio ambiente, atendimento dos requisitos sociais e a melhoria cont\u00ednua da Qualidade.<\/p>\t\t\t\t\t\t\t\t<\/div>\n\t\t\t\t<\/div>\n\t\t\t\t\t<\/div>\n\t\t<\/div>\n\t\t\t\t\t<\/div>\n\t\t<\/section>\n\t\t\t\t<section class=\"elementor-section elementor-top-section elementor-element elementor-element-9b61425 elementor-section-boxed elementor-section-height-default elementor-section-height-default\" data-id=\"9b61425\" data-element_type=\"section\" data-e-type=\"section\">\n\t\t\t\t\t\t<div class=\"elementor-container elementor-column-gap-default\">\n\t\t\t\t\t<div class=\"elementor-column elementor-col-33 elementor-top-column elementor-element elementor-element-ac2aee7\" data-id=\"ac2aee7\" data-element_type=\"column\" data-e-type=\"column\">\n\t\t\t<div class=\"elementor-widget-wrap elementor-element-populated\">\n\t\t\t\t\t\t<div class=\"elementor-element elementor-element-d64e1a6 elementor-button-info elementor-align-center elementor-widget elementor-widget-button\" data-id=\"d64e1a6\" data-element_type=\"widget\" data-e-type=\"widget\" data-widget_type=\"button.default\">\n\t\t\t\t<div class=\"elementor-widget-container\">\n\t\t\t\t\t\t\t\t\t<div class=\"elementor-button-wrapper\">\n\t\t\t\t\t<a class=\"elementor-button elementor-button-link elementor-size-lg\" href=\"https:\/\/impacta-brazil.com.br\/wp-content\/uploads\/2025\/05\/MCCI.01-Rev03_Manual-do-Codigo-de-Conduta-Impacta.pdf\" target=\"_blank\">\n\t\t\t\t\t\t<span class=\"elementor-button-content-wrapper\">\n\t\t\t\t\t\t\t\t\t<span class=\"elementor-button-text\">Cod. Conduta<\/span>\n\t\t\t\t\t<\/span>\n\t\t\t\t\t<\/a>\n\t\t\t\t<\/div>\n\t\t\t\t\t\t\t\t<\/div>\n\t\t\t\t<\/div>\n\t\t\t\t\t<\/div>\n\t\t<\/div>\n\t\t\t\t<div class=\"elementor-column elementor-col-33 elementor-top-column elementor-element elementor-element-702bae8\" data-id=\"702bae8\" data-element_type=\"column\" data-e-type=\"column\">\n\t\t\t<div class=\"elementor-widget-wrap elementor-element-populated\">\n\t\t\t\t\t\t<div class=\"elementor-element elementor-element-544e7d5 elementor-button-danger elementor-align-center elementor-widget elementor-widget-button\" data-id=\"544e7d5\" data-element_type=\"widget\" data-e-type=\"widget\" data-widget_type=\"button.default\">\n\t\t\t\t<div class=\"elementor-widget-container\">\n\t\t\t\t\t\t\t\t\t<div class=\"elementor-button-wrapper\">\n\t\t\t\t\t<a class=\"elementor-button elementor-button-link elementor-size-lg\" href=\"https:\/\/impacta-brazil.com.br\/wp-content\/uploads\/2023\/03\/Politica-do-Sistema-Integrado-de-Gestao.pdf\" target=\"_blank\">\n\t\t\t\t\t\t<span class=\"elementor-button-content-wrapper\">\n\t\t\t\t\t\t\t\t\t<span class=\"elementor-button-text\">Sistema Integrado de Gest\u00e3o<\/span>\n\t\t\t\t\t<\/span>\n\t\t\t\t\t<\/a>\n\t\t\t\t<\/div>\n\t\t\t\t\t\t\t\t<\/div>\n\t\t\t\t<\/div>\n\t\t\t\t\t<\/div>\n\t\t<\/div>\n\t\t\t\t<div class=\"elementor-column elementor-col-33 elementor-top-column elementor-element elementor-element-061155b\" data-id=\"061155b\" data-element_type=\"column\" data-e-type=\"column\">\n\t\t\t<div class=\"elementor-widget-wrap elementor-element-populated\">\n\t\t\t\t\t\t<div class=\"elementor-element elementor-element-8cfb043 elementor-button-info elementor-align-center elementor-widget elementor-widget-button\" data-id=\"8cfb043\" data-element_type=\"widget\" data-e-type=\"widget\" data-widget_type=\"button.default\">\n\t\t\t\t<div class=\"elementor-widget-container\">\n\t\t\t\t\t\t\t\t\t<div class=\"elementor-button-wrapper\">\n\t\t\t\t\t<a class=\"elementor-button elementor-button-link elementor-size-lg\" href=\"https:\/\/impacta-brazil.com.br\/wp-content\/uploads\/2025\/05\/ISO_22716-CERTIFICADO.pdf\" target=\"_blank\">\n\t\t\t\t\t\t<span class=\"elementor-button-content-wrapper\">\n\t\t\t\t\t\t\t\t\t<span class=\"elementor-button-text\">ISO 22716<\/span>\n\t\t\t\t\t<\/span>\n\t\t\t\t\t<\/a>\n\t\t\t\t<\/div>\n\t\t\t\t\t\t\t\t<\/div>\n\t\t\t\t<\/div>\n\t\t\t\t\t<\/div>\n\t\t<\/div>\n\t\t\t\t\t<\/div>\n\t\t<\/section>\n\t\t\t\t<\/div>\n\t\t","protected":false},"excerpt":{"rendered":"<p>Gest\u00e3o da Qualidade A preocupa\u00e7\u00e3o com a satisfa\u00e7\u00e3o dos nossos clientes e a rela\u00e7\u00e3o com aspectos ambientais e sociais fizeram com que a Impacta&nbsp; implantasse um Sistema de Gest\u00e3o formal que atendesse todas essas necessidades. O Sistema \u00e9 composto por: Pol\u00edtica do Sistema Integrado de Gest\u00e3o, Manual de Sa\u00fade, Seguran\u00e7a e Meio Ambiente, Manual do [&hellip;]<\/p>\n","protected":false},"author":1,"featured_media":0,"parent":0,"menu_order":0,"comment_status":"closed","ping_status":"closed","template":"elementor_header_footer","meta":{"footnotes":""},"class_list":["post-1393","page","type-page","status-publish","hentry"],"_links":{"self":[{"href":"https:\/\/impacta-brazil.com.br\/index.php\/wp-json\/wp\/v2\/pages\/1393","targetHints":{"allow":["GET"]}}],"collection":[{"href":"https:\/\/impacta-brazil.com.br\/index.php\/wp-json\/wp\/v2\/pages"}],"about":[{"href":"https:\/\/impacta-brazil.com.br\/index.php\/wp-json\/wp\/v2\/types\/page"}],"author":[{"embeddable":true,"href":"https:\/\/impacta-brazil.com.br\/index.php\/wp-json\/wp\/v2\/users\/1"}],"replies":[{"embeddable":true,"href":"https:\/\/impacta-brazil.com.br\/index.php\/wp-json\/wp\/v2\/comments?post=1393"}],"version-history":[{"count":21,"href":"https:\/\/impacta-brazil.com.br\/index.php\/wp-json\/wp\/v2\/pages\/1393\/revisions"}],"predecessor-version":[{"id":2168,"href":"https:\/\/impacta-brazil.com.br\/index.php\/wp-json\/wp\/v2\/pages\/1393\/revisions\/2168"}],"wp:attachment":[{"href":"https:\/\/impacta-brazil.com.br\/index.php\/wp-json\/wp\/v2\/media?parent=1393"}],"curies":[{"name":"wp","href":"https:\/\/api.w.org\/{rel}","templated":true}]}}