{"id":1415,"date":"2020-08-18T21:05:15","date_gmt":"2020-08-19T00:05:15","guid":{"rendered":"http:\/\/impacta-brazil.com.br\/?page_id=1415"},"modified":"2020-10-29T14:41:35","modified_gmt":"2020-10-29T17:41:35","slug":"meio-ambiente","status":"publish","type":"page","link":"https:\/\/impacta-brazil.com.br\/index.php\/politicas\/meio-ambiente\/","title":{"rendered":"Meio Ambiente"},"content":{"rendered":"\t\t<div data-elementor-type=\"wp-page\" data-elementor-id=\"1415\" class=\"elementor elementor-1415\" data-elementor-post-type=\"page\">\n\t\t\t\t\t\t<section class=\"elementor-section elementor-top-section elementor-element elementor-element-7231b6e elementor-section-boxed elementor-section-height-default elementor-section-height-default\" data-id=\"7231b6e\" data-element_type=\"section\" data-e-type=\"section\" data-settings=\"{&quot;background_background&quot;:&quot;classic&quot;}\">\n\t\t\t\t\t\t\t<div class=\"elementor-background-overlay\"><\/div>\n\t\t\t\t\t\t\t<div class=\"elementor-container elementor-column-gap-default\">\n\t\t\t\t\t<div class=\"elementor-column elementor-col-100 elementor-top-column elementor-element elementor-element-e38ffc8\" data-id=\"e38ffc8\" data-element_type=\"column\" data-e-type=\"column\">\n\t\t\t<div class=\"elementor-widget-wrap elementor-element-populated\">\n\t\t\t\t\t\t<div class=\"elementor-element elementor-element-04bdf12 elementor-widget elementor-widget-heading\" data-id=\"04bdf12\" data-element_type=\"widget\" data-e-type=\"widget\" data-widget_type=\"heading.default\">\n\t\t\t\t<div class=\"elementor-widget-container\">\n\t\t\t\t\t<h1 class=\"elementor-heading-title elementor-size-large\">Meio Ambiente<\/h1>\t\t\t\t<\/div>\n\t\t\t\t<\/div>\n\t\t\t\t\t<\/div>\n\t\t<\/div>\n\t\t\t\t\t<\/div>\n\t\t<\/section>\n\t\t\t\t<section class=\"elementor-section elementor-top-section elementor-element elementor-element-6a82e2b elementor-section-boxed elementor-section-height-default elementor-section-height-default\" data-id=\"6a82e2b\" data-element_type=\"section\" data-e-type=\"section\">\n\t\t\t\t\t\t<div class=\"elementor-container elementor-column-gap-default\">\n\t\t\t\t\t<div class=\"elementor-column elementor-col-100 elementor-top-column elementor-element elementor-element-2e6643a\" data-id=\"2e6643a\" data-element_type=\"column\" data-e-type=\"column\">\n\t\t\t<div class=\"elementor-widget-wrap elementor-element-populated\">\n\t\t\t\t\t\t<div class=\"elementor-element elementor-element-4918541 elementor-widget elementor-widget-text-editor\" data-id=\"4918541\" data-element_type=\"widget\" data-e-type=\"widget\" data-widget_type=\"text-editor.default\">\n\t\t\t\t<div class=\"elementor-widget-container\">\n\t\t\t\t\t\t\t\t\t<p>A preocupa\u00e7\u00e3o com a quest\u00e3o ambiental fez com que a Impacta implantasse um sistema formal de gest\u00e3o da responsabilidade ambiental.<\/p>\n<p>O sistema \u00e9 composto por pol\u00edtica, manual do meio ambiente, metas, objetivos anuais e cinco programas que envolvem toda a f\u00e1brica:<\/p>\n<p>&#8211; Gest\u00e3o do uso das fontes de energia;<br>&#8211; Gest\u00e3o do monitoramento e controle da polui\u00e7\u00e3o;<br>&#8211; Gest\u00e3o dos recursos h\u00eddricos;<br>&#8211; Gest\u00e3o dos res\u00edduos industriais;<br>&#8211; Gest\u00e3o do uso de materiais.<\/p>\n<p>O sistema foi planejado conforme as necessidades da Impacta, visando produzir resultados pr\u00e1ticos e imediatos. Completo e estruturado, o sistema tem todos os requisitos para garantir o sucesso da empresa na preserva\u00e7\u00e3o do meio ambiente.<\/p>\n<p>A empresa vem fortalecendo essas pr\u00e1ticas ambientais por meio de campanhas internas, como: palestras, promo\u00e7\u00f5es, pe\u00e7as teatrais, etc.<\/p>\n<p>Para que os colaboradores atuem diretamente no Sistema de Responsabilidade Ambiental, existem alguns programas como: \u201cEu Fa\u00e7o a Diferen\u00e7a\u201d, \u201cLinha Direta\u201d e o \u201cInformativo EcoBoy\u201d, cujo objetivo \u00e9 criar uma comunica\u00e7\u00e3o direta entre os colaboradores e a empresa, bem como engajar todos na melhoria constante do sistema.<\/p>\n<p>Para garantir o bom andamento do sistema, realizamos auditorias internas do meio ambiente, com o apoio de auditores qualificados, que t\u00eam como objetivo sugerir melhorias, apontar n\u00e3o conformidades e acompanhar a evolu\u00e7\u00e3o do sistema.<\/p>\t\t\t\t\t\t\t\t<\/div>\n\t\t\t\t<\/div>\n\t\t\t\t\t<\/div>\n\t\t<\/div>\n\t\t\t\t\t<\/div>\n\t\t<\/section>\n\t\t\t\t<\/div>\n\t\t","protected":false},"excerpt":{"rendered":"<p>Meio Ambiente A preocupa\u00e7\u00e3o com a quest\u00e3o ambiental fez com que a Impacta implantasse um sistema formal de gest\u00e3o da responsabilidade ambiental. O sistema \u00e9 composto por pol\u00edtica, manual do meio ambiente, metas, objetivos anuais e cinco programas que envolvem toda a f\u00e1brica: &#8211; Gest\u00e3o do uso das fontes de energia;&#8211; Gest\u00e3o do monitoramento e [&hellip;]<\/p>\n","protected":false},"author":1,"featured_media":0,"parent":1393,"menu_order":0,"comment_status":"closed","ping_status":"closed","template":"elementor_header_footer","meta":{"footnotes":""},"class_list":["post-1415","page","type-page","status-publish","hentry"],"_links":{"self":[{"href":"https:\/\/impacta-brazil.com.br\/index.php\/wp-json\/wp\/v2\/pages\/1415","targetHints":{"allow":["GET"]}}],"collection":[{"href":"https:\/\/impacta-brazil.com.br\/index.php\/wp-json\/wp\/v2\/pages"}],"about":[{"href":"https:\/\/impacta-brazil.com.br\/index.php\/wp-json\/wp\/v2\/types\/page"}],"author":[{"embeddable":true,"href":"https:\/\/impacta-brazil.com.br\/index.php\/wp-json\/wp\/v2\/users\/1"}],"replies":[{"embeddable":true,"href":"https:\/\/impacta-brazil.com.br\/index.php\/wp-json\/wp\/v2\/comments?post=1415"}],"version-history":[{"count":0,"href":"https:\/\/impacta-brazil.com.br\/index.php\/wp-json\/wp\/v2\/pages\/1415\/revisions"}],"up":[{"embeddable":true,"href":"https:\/\/impacta-brazil.com.br\/index.php\/wp-json\/wp\/v2\/pages\/1393"}],"wp:attachment":[{"href":"https:\/\/impacta-brazil.com.br\/index.php\/wp-json\/wp\/v2\/media?parent=1415"}],"curies":[{"name":"wp","href":"https:\/\/api.w.org\/{rel}","templated":true}]}}