{"id":1853,"date":"2020-10-16T16:49:49","date_gmt":"2020-10-16T19:49:49","guid":{"rendered":"http:\/\/impacta-brazil.com.br\/?page_id=1853"},"modified":"2025-05-06T11:52:55","modified_gmt":"2025-05-06T14:52:55","slug":"politicas-2","status":"publish","type":"page","link":"https:\/\/impacta-brazil.com.br\/index.php\/es\/politicas-2\/","title":{"rendered":"Pol\u00edticas"},"content":{"rendered":"\t\t<div data-elementor-type=\"wp-page\" data-elementor-id=\"1853\" class=\"elementor elementor-1853\" data-elementor-post-type=\"page\">\n\t\t\t\t\t\t<section class=\"elementor-section elementor-top-section elementor-element elementor-element-80bcbcc elementor-section-boxed elementor-section-height-default elementor-section-height-default\" data-id=\"80bcbcc\" data-element_type=\"section\" data-e-type=\"section\" data-settings=\"{&quot;background_background&quot;:&quot;classic&quot;}\">\n\t\t\t\t\t\t\t<div class=\"elementor-background-overlay\"><\/div>\n\t\t\t\t\t\t\t<div class=\"elementor-container elementor-column-gap-default\">\n\t\t\t\t\t<div class=\"elementor-column elementor-col-100 elementor-top-column elementor-element elementor-element-3e843b8\" data-id=\"3e843b8\" data-element_type=\"column\" data-e-type=\"column\">\n\t\t\t<div class=\"elementor-widget-wrap elementor-element-populated\">\n\t\t\t\t\t\t<div class=\"elementor-element elementor-element-d4d79ad elementor-widget elementor-widget-heading\" data-id=\"d4d79ad\" data-element_type=\"widget\" data-e-type=\"widget\" data-widget_type=\"heading.default\">\n\t\t\t\t<div class=\"elementor-widget-container\">\n\t\t\t\t\t<h1 class=\"elementor-heading-title elementor-size-large\">Gesti\u00f3n de la Calidad<\/h1>\t\t\t\t<\/div>\n\t\t\t\t<\/div>\n\t\t\t\t\t<\/div>\n\t\t<\/div>\n\t\t\t\t\t<\/div>\n\t\t<\/section>\n\t\t\t\t<section class=\"elementor-section elementor-top-section elementor-element elementor-element-8a9c35c elementor-section-boxed elementor-section-height-default elementor-section-height-default\" data-id=\"8a9c35c\" data-element_type=\"section\" data-e-type=\"section\">\n\t\t\t\t\t\t<div class=\"elementor-container elementor-column-gap-default\">\n\t\t\t\t\t<div class=\"elementor-column elementor-col-100 elementor-top-column elementor-element elementor-element-ab47282\" data-id=\"ab47282\" data-element_type=\"column\" data-e-type=\"column\">\n\t\t\t<div class=\"elementor-widget-wrap elementor-element-populated\">\n\t\t\t\t\t\t<div class=\"elementor-element elementor-element-b3c1c5d elementor-widget elementor-widget-text-editor\" data-id=\"b3c1c5d\" data-element_type=\"widget\" data-e-type=\"widget\" data-widget_type=\"text-editor.default\">\n\t\t\t\t<div class=\"elementor-widget-container\">\n\t\t\t\t\t\t\t\t\t<p>La preocupaci\u00f3n por la satisfacci\u00f3n de nuestros clientes y la relaci\u00f3n con los aspectos ambientales y sociales, hizo que Impacta implementara un Sistema de Gesti\u00f3n formal que cubriera todas estas necesidades.<\/p><p>El Sistema consta de: Pol\u00edtica del Sistema Integrado de Gesti\u00f3n, Manual de Salud, Seguridad y Medio Ambiente, Manual de C\u00f3digo de Conducta y Manual de Buenas Pr\u00e1cticas de Manufactura.<\/p><p>Completo y estructurado, el Sistema de Gesti\u00f3n tiene como objetivo producir resultados pr\u00e1cticos e inmediatos y cuenta con todos los requisitos para garantizar el \u00e9xito de la empresa en la preservaci\u00f3n del medio ambiente, el cumplimiento de los requisitos sociales y la mejora continua de la Calidad.<\/p>\t\t\t\t\t\t\t\t<\/div>\n\t\t\t\t<\/div>\n\t\t\t\t\t<\/div>\n\t\t<\/div>\n\t\t\t\t\t<\/div>\n\t\t<\/section>\n\t\t\t\t<section class=\"elementor-section elementor-top-section elementor-element elementor-element-9b61425 elementor-section-boxed elementor-section-height-default elementor-section-height-default\" data-id=\"9b61425\" data-element_type=\"section\" data-e-type=\"section\">\n\t\t\t\t\t\t<div class=\"elementor-container elementor-column-gap-default\">\n\t\t\t\t\t<div class=\"elementor-column elementor-col-33 elementor-top-column elementor-element elementor-element-ac2aee7\" data-id=\"ac2aee7\" data-element_type=\"column\" data-e-type=\"column\">\n\t\t\t<div class=\"elementor-widget-wrap elementor-element-populated\">\n\t\t\t\t\t\t<div class=\"elementor-element elementor-element-d64e1a6 elementor-button-info elementor-align-center elementor-widget elementor-widget-button\" data-id=\"d64e1a6\" data-element_type=\"widget\" data-e-type=\"widget\" data-widget_type=\"button.default\">\n\t\t\t\t<div class=\"elementor-widget-container\">\n\t\t\t\t\t\t\t\t\t<div class=\"elementor-button-wrapper\">\n\t\t\t\t\t<a class=\"elementor-button elementor-button-link elementor-size-lg\" href=\"https:\/\/impacta-brazil.com.br\/wp-content\/uploads\/2025\/05\/MCCI.01-Rev03_Manual-do-Codigo-de-Conduta-Impacta.pdf\" target=\"_blank\">\n\t\t\t\t\t\t<span class=\"elementor-button-content-wrapper\">\n\t\t\t\t\t\t\t\t\t<span class=\"elementor-button-text\">C\u00f3digo de Conducta<\/span>\n\t\t\t\t\t<\/span>\n\t\t\t\t\t<\/a>\n\t\t\t\t<\/div>\n\t\t\t\t\t\t\t\t<\/div>\n\t\t\t\t<\/div>\n\t\t\t\t\t<\/div>\n\t\t<\/div>\n\t\t\t\t<div class=\"elementor-column elementor-col-33 elementor-top-column elementor-element elementor-element-702bae8\" data-id=\"702bae8\" data-element_type=\"column\" data-e-type=\"column\">\n\t\t\t<div class=\"elementor-widget-wrap elementor-element-populated\">\n\t\t\t\t\t\t<div class=\"elementor-element elementor-element-544e7d5 elementor-button-danger elementor-align-center elementor-widget elementor-widget-button\" data-id=\"544e7d5\" data-element_type=\"widget\" data-e-type=\"widget\" data-widget_type=\"button.default\">\n\t\t\t\t<div class=\"elementor-widget-container\">\n\t\t\t\t\t\t\t\t\t<div class=\"elementor-button-wrapper\">\n\t\t\t\t\t<a class=\"elementor-button elementor-button-link elementor-size-lg\" href=\"https:\/\/impacta-brazil.com.br\/wp-content\/uploads\/2023\/03\/Politica-do-Sistema-Integrado-de-Gestao.pdf\" target=\"_blank\">\n\t\t\t\t\t\t<span class=\"elementor-button-content-wrapper\">\n\t\t\t\t\t\t\t\t\t<span class=\"elementor-button-text\">Sistema Integrado de Gesti\u00f3n<\/span>\n\t\t\t\t\t<\/span>\n\t\t\t\t\t<\/a>\n\t\t\t\t<\/div>\n\t\t\t\t\t\t\t\t<\/div>\n\t\t\t\t<\/div>\n\t\t\t\t\t<\/div>\n\t\t<\/div>\n\t\t\t\t<div class=\"elementor-column elementor-col-33 elementor-top-column elementor-element elementor-element-061155b\" data-id=\"061155b\" data-element_type=\"column\" data-e-type=\"column\">\n\t\t\t<div class=\"elementor-widget-wrap elementor-element-populated\">\n\t\t\t\t\t\t<div class=\"elementor-element elementor-element-8cfb043 elementor-button-info elementor-align-center elementor-widget elementor-widget-button\" data-id=\"8cfb043\" data-element_type=\"widget\" data-e-type=\"widget\" data-widget_type=\"button.default\">\n\t\t\t\t<div class=\"elementor-widget-container\">\n\t\t\t\t\t\t\t\t\t<div class=\"elementor-button-wrapper\">\n\t\t\t\t\t<a class=\"elementor-button elementor-button-link elementor-size-lg\" href=\"https:\/\/impacta-brazil.com.br\/wp-content\/uploads\/2025\/05\/ISO_22716-CERTIFICADO.pdf\" target=\"_blank\">\n\t\t\t\t\t\t<span class=\"elementor-button-content-wrapper\">\n\t\t\t\t\t\t\t\t\t<span class=\"elementor-button-text\">ISO 22716<\/span>\n\t\t\t\t\t<\/span>\n\t\t\t\t\t<\/a>\n\t\t\t\t<\/div>\n\t\t\t\t\t\t\t\t<\/div>\n\t\t\t\t<\/div>\n\t\t\t\t\t<\/div>\n\t\t<\/div>\n\t\t\t\t\t<\/div>\n\t\t<\/section>\n\t\t\t\t<\/div>\n\t\t","protected":false},"excerpt":{"rendered":"<p>Gesti\u00f3n de la Calidad La preocupaci\u00f3n por la satisfacci\u00f3n de nuestros clientes y la relaci\u00f3n con los aspectos ambientales y sociales, hizo que Impacta implementara un Sistema de Gesti\u00f3n formal que cubriera todas estas necesidades. El Sistema consta de: Pol\u00edtica del Sistema Integrado de Gesti\u00f3n, Manual de Salud, Seguridad y Medio Ambiente, Manual de C\u00f3digo [&hellip;]<\/p>\n","protected":false},"author":1,"featured_media":0,"parent":0,"menu_order":0,"comment_status":"closed","ping_status":"closed","template":"elementor_header_footer","meta":{"footnotes":""},"class_list":["post-1853","page","type-page","status-publish","hentry"],"_links":{"self":[{"href":"https:\/\/impacta-brazil.com.br\/index.php\/wp-json\/wp\/v2\/pages\/1853","targetHints":{"allow":["GET"]}}],"collection":[{"href":"https:\/\/impacta-brazil.com.br\/index.php\/wp-json\/wp\/v2\/pages"}],"about":[{"href":"https:\/\/impacta-brazil.com.br\/index.php\/wp-json\/wp\/v2\/types\/page"}],"author":[{"embeddable":true,"href":"https:\/\/impacta-brazil.com.br\/index.php\/wp-json\/wp\/v2\/users\/1"}],"replies":[{"embeddable":true,"href":"https:\/\/impacta-brazil.com.br\/index.php\/wp-json\/wp\/v2\/comments?post=1853"}],"version-history":[{"count":18,"href":"https:\/\/impacta-brazil.com.br\/index.php\/wp-json\/wp\/v2\/pages\/1853\/revisions"}],"predecessor-version":[{"id":2175,"href":"https:\/\/impacta-brazil.com.br\/index.php\/wp-json\/wp\/v2\/pages\/1853\/revisions\/2175"}],"wp:attachment":[{"href":"https:\/\/impacta-brazil.com.br\/index.php\/wp-json\/wp\/v2\/media?parent=1853"}],"curies":[{"name":"wp","href":"https:\/\/api.w.org\/{rel}","templated":true}]}}