{"id":1855,"date":"2020-10-16T16:51:07","date_gmt":"2020-10-16T19:51:07","guid":{"rendered":"http:\/\/impacta-brazil.com.br\/?page_id=1855"},"modified":"2020-10-19T09:53:40","modified_gmt":"2020-10-19T12:53:40","slug":"medio-ambiente","status":"publish","type":"page","link":"https:\/\/impacta-brazil.com.br\/index.php\/es\/medio-ambiente\/","title":{"rendered":"Medio Ambiente"},"content":{"rendered":"\t\t<div data-elementor-type=\"wp-page\" data-elementor-id=\"1855\" class=\"elementor elementor-1855\" data-elementor-post-type=\"page\">\n\t\t\t\t\t\t<section class=\"elementor-section elementor-top-section elementor-element elementor-element-7231b6e elementor-section-boxed elementor-section-height-default elementor-section-height-default\" data-id=\"7231b6e\" data-element_type=\"section\" data-e-type=\"section\" data-settings=\"{&quot;background_background&quot;:&quot;classic&quot;}\">\n\t\t\t\t\t\t\t<div class=\"elementor-background-overlay\"><\/div>\n\t\t\t\t\t\t\t<div class=\"elementor-container elementor-column-gap-default\">\n\t\t\t\t\t<div class=\"elementor-column elementor-col-100 elementor-top-column elementor-element elementor-element-e38ffc8\" data-id=\"e38ffc8\" data-element_type=\"column\" data-e-type=\"column\">\n\t\t\t<div class=\"elementor-widget-wrap elementor-element-populated\">\n\t\t\t\t\t\t<div class=\"elementor-element elementor-element-04bdf12 elementor-widget elementor-widget-heading\" data-id=\"04bdf12\" data-element_type=\"widget\" data-e-type=\"widget\" data-widget_type=\"heading.default\">\n\t\t\t\t<div class=\"elementor-widget-container\">\n\t\t\t\t\t<h1 class=\"elementor-heading-title elementor-size-large\">Medio Ambiente<\/h1>\t\t\t\t<\/div>\n\t\t\t\t<\/div>\n\t\t\t\t\t<\/div>\n\t\t<\/div>\n\t\t\t\t\t<\/div>\n\t\t<\/section>\n\t\t\t\t<section class=\"elementor-section elementor-top-section elementor-element elementor-element-6a82e2b elementor-section-boxed elementor-section-height-default elementor-section-height-default\" data-id=\"6a82e2b\" data-element_type=\"section\" data-e-type=\"section\">\n\t\t\t\t\t\t<div class=\"elementor-container elementor-column-gap-default\">\n\t\t\t\t\t<div class=\"elementor-column elementor-col-100 elementor-top-column elementor-element elementor-element-2e6643a\" data-id=\"2e6643a\" data-element_type=\"column\" data-e-type=\"column\">\n\t\t\t<div class=\"elementor-widget-wrap elementor-element-populated\">\n\t\t\t\t\t\t<div class=\"elementor-element elementor-element-4918541 elementor-widget elementor-widget-text-editor\" data-id=\"4918541\" data-element_type=\"widget\" data-e-type=\"widget\" data-widget_type=\"text-editor.default\">\n\t\t\t\t<div class=\"elementor-widget-container\">\n\t\t\t\t\t\t\t\t\t<p>La preocupaci\u00f3n con el tema ambiental hizo que Impacta implantara un sistema formal de gesti\u00f3n de la responsabilidad ambiental.<\/p><p>El sistema se compone de pol\u00edtica, manual del medio ambiente, metas, objetivos anuales y cinco programas que involucran a toda la f\u00e1brica:<\/p><p>&#8211; Gesti\u00f3n del uso de las fuentes de contaminaci\u00f3n;<br \/>&#8211; Gesti\u00f3n del monitoreo y control de la contaminaci\u00f3n;<br \/>&#8211; Gesti\u00f3n de los recursos h\u00eddricos;<br \/>&#8211; Gesti\u00f3n de los residuos industriales;<br \/>&#8211; Gesti\u00f3n del uso de materiales.<\/p><p>El sistema ha sido planificado de acuerdo a las necesidades de Impacta, teniendo en vista producir resultados pr\u00e1cticos e inmediatos. Completo y estructurado, tiene todos los requerimientos para asegurar el \u00e9xito de la empresa en la tarea de preservar el medio ambiente.<\/p><p>La empresa fortalece esas pr\u00e1cticas ambientales realizando campa\u00f1as internas compuestas, por ejemplo, por disertaciones, promociones, teatro, etc.<\/p><p>De modo a que los colaboradores act\u00faen directamente en el Sistema de Responsabilidad Ambiental, han sido creados los programas \u201cYo Hago la Diferencia\u201d y \u201cL\u00ednea Directa\u201d , y el \u201cInformativo EcoBoy\u201d, cuyo objetivo es crear una comunicaci\u00f3n entre los colaboradores y la empresa, as\u00ed como involucrarlos en la tarea de mejorar constantemente el sistema.<\/p><p>Para asegurar que el sistema fluya correctamente, se realizan auditor\u00edas internas del medio ambiente con el apoyo de auditores calificados, que tienen la misi\u00f3n de sugerir mejoras, indicar no conformidades y acompa\u00f1ar la evoluci\u00f3n del sistema.<\/p>\t\t\t\t\t\t\t\t<\/div>\n\t\t\t\t<\/div>\n\t\t\t\t\t<\/div>\n\t\t<\/div>\n\t\t\t\t\t<\/div>\n\t\t<\/section>\n\t\t\t\t<\/div>\n\t\t","protected":false},"excerpt":{"rendered":"<p>Medio Ambiente La preocupaci\u00f3n con el tema ambiental hizo que Impacta implantara un sistema formal de gesti\u00f3n de la responsabilidad ambiental. El sistema se compone de pol\u00edtica, manual del medio ambiente, metas, objetivos anuales y cinco programas que involucran a toda la f\u00e1brica: &#8211; Gesti\u00f3n del uso de las fuentes de contaminaci\u00f3n;&#8211; Gesti\u00f3n del monitoreo [&hellip;]<\/p>\n","protected":false},"author":1,"featured_media":0,"parent":0,"menu_order":0,"comment_status":"closed","ping_status":"closed","template":"elementor_header_footer","meta":{"footnotes":""},"class_list":["post-1855","page","type-page","status-publish","hentry"],"_links":{"self":[{"href":"https:\/\/impacta-brazil.com.br\/index.php\/wp-json\/wp\/v2\/pages\/1855","targetHints":{"allow":["GET"]}}],"collection":[{"href":"https:\/\/impacta-brazil.com.br\/index.php\/wp-json\/wp\/v2\/pages"}],"about":[{"href":"https:\/\/impacta-brazil.com.br\/index.php\/wp-json\/wp\/v2\/types\/page"}],"author":[{"embeddable":true,"href":"https:\/\/impacta-brazil.com.br\/index.php\/wp-json\/wp\/v2\/users\/1"}],"replies":[{"embeddable":true,"href":"https:\/\/impacta-brazil.com.br\/index.php\/wp-json\/wp\/v2\/comments?post=1855"}],"version-history":[{"count":0,"href":"https:\/\/impacta-brazil.com.br\/index.php\/wp-json\/wp\/v2\/pages\/1855\/revisions"}],"wp:attachment":[{"href":"https:\/\/impacta-brazil.com.br\/index.php\/wp-json\/wp\/v2\/media?parent=1855"}],"curies":[{"name":"wp","href":"https:\/\/api.w.org\/{rel}","templated":true}]}}